{"id":3571,"date":"2020-05-02T09:32:57","date_gmt":"2020-05-02T09:32:57","guid":{"rendered":"http:\/\/confido-initiativen.de\/?page_id=3571"},"modified":"2026-02-06T08:03:10","modified_gmt":"2026-02-06T08:03:10","slug":"ausunserem-leben","status":"publish","type":"page","link":"https:\/\/confido-initiativen.de\/index.php\/ausunserem-leben\/","title":{"rendered":"Aus unserem Leben"},"content":{"rendered":"<a href=\"javascript:history.back();\">Zur\u00fcck (vorhergehende Seite)<\/a>\n\n\n\n<div style=\"height:30px\" aria-hidden=\"true\" class=\"wp-block-spacer\"><\/div>\n\n\n\n<p class=\"ABA\"><strong>Einblicke in unser Leben &#8230; ein paar Bilder aus unserem Alltag<\/strong><\/p>\n\n\n\n<div style=\"height:25px\" aria-hidden=\"true\" class=\"wp-block-spacer AB\"><\/div>\n\n\n\n\n<div class=\"su-posts su-posts-default-loop \">\n\n\t\n\t\t\t\t\t\n\t\t\t\n\t\t\t<div id=\"su-post-6327\" class=\"su-post \">\n\n\t\t\t\t\n\t\t\t\t<h2 class=\"su-post-title\"><a href=\"https:\/\/confido-initiativen.de\/index.php\/2021\/02\/27\/lernen-motorik\/\">Lernen Motorik<\/a><\/h2>\n\n\t\t\t\t<div class=\"su-post-meta\">\n\t\t\t\t\tVer\u00f6ffentlicht: 27\/02\/2021\t\t\t\t<\/div>\n\n\t\t\t\t<div class=\"su-post-excerpt\">\n\t\t\t\t\t\t\t\t\t<\/div>\n\n\t\t\t\t\n\t\t\t<\/div>\n\n\t\t\t\t\t\n\t\t\t\n\t\t\t<div id=\"su-post-6321\" class=\"su-post \">\n\n\t\t\t\t\n\t\t\t\t<h2 class=\"su-post-title\"><a href=\"https:\/\/confido-initiativen.de\/index.php\/2021\/02\/27\/lernen-rechnen\/\">Lernen Rechnen<\/a><\/h2>\n\n\t\t\t\t<div class=\"su-post-meta\">\n\t\t\t\t\tVer\u00f6ffentlicht: 27\/02\/2021\t\t\t\t<\/div>\n\n\t\t\t\t<div class=\"su-post-excerpt\">\n\t\t\t\t\t\t\t\t\t<\/div>\n\n\t\t\t\t\n\t\t\t<\/div>\n\n\t\t\t\t\t\n\t\t\t\n\t\t\t<div id=\"su-post-4615\" class=\"su-post \">\n\n\t\t\t\t\n\t\t\t\t<h2 class=\"su-post-title\"><a href=\"https:\/\/confido-initiativen.de\/index.php\/2021\/01\/13\/unsere-grundlagen\/\">Unsere ideellen Fundamente<\/a><\/h2>\n\n\t\t\t\t<div class=\"su-post-meta\">\n\t\t\t\t\tVer\u00f6ffentlicht: 13\/01\/2021\t\t\t\t<\/div>\n\n\t\t\t\t<div class=\"su-post-excerpt\">\n\t\t\t\t\t<p>1.&nbsp;Unsere Geschichte Dies ist kein herk\u00f6mmliches Konzept, kein Leitbild, sondern ein R\u00fcckblick auf den Weg, den wir gegangen sind, und auf dem wir uns befinden. Es ist eine Erz\u00e4hlung der Geschichte unserer Erkenntnisse, wobei auch das Wort \u201eErkenntnis\u201c das uns Wesentliche nur unzureichend auszudr\u00fccken vermag. \u00dcblich hat man Konzepte, bevor man sich auf den Weg [&hellip;]<\/p>\n\t\t\t\t<\/div>\n\n\t\t\t\t\n\t\t\t<\/div>\n\n\t\t\t\t\t\n\t\t\t\n\t\t\t<div id=\"su-post-5685\" class=\"su-post \">\n\n\t\t\t\t\n\t\t\t\t<h2 class=\"su-post-title\"><a href=\"https:\/\/confido-initiativen.de\/index.php\/2021\/02\/13\/bindung-und-bindungsstoerung\/\">Bindung und Bindungsst\u00f6rung<\/a><\/h2>\n\n\t\t\t\t<div class=\"su-post-meta\">\n\t\t\t\t\tVer\u00f6ffentlicht: 13\/02\/2021\t\t\t\t<\/div>\n\n\t\t\t\t<div class=\"su-post-excerpt\">\n\t\t\t\t\t<p>Fast alle Kinder kommen mit der Diagnose \u201eBindungsst\u00f6rung\u201c zu uns. Das \u201eBindungssystem\u201c wieder zu \u00f6ffnen und sie bindungsf\u00e4hig zu machen, ist ein erstrangiges Ziel unserer Arbeit. Um handlungsf\u00e4hig zu werden, m\u00fcssen wir die tieferliegenden Ursachen verstehen, die reine Beschreibung einer Bindungsst\u00f6rung hilft dazu wenig. Nachfolgend ein Versuch, dieses \u201escheue Wesen\u201c Bindung zu erahnen. 1.&nbsp;Kl\u00e4rung: Bindung [&hellip;]<\/p>\n\t\t\t\t<\/div>\n\n\t\t\t\t\n\t\t\t<\/div>\n\n\t\t\t\t\t\n\t\t\t\n\t\t\t<div id=\"su-post-4618\" class=\"su-post \">\n\n\t\t\t\t\n\t\t\t\t<h2 class=\"su-post-title\"><a href=\"https:\/\/confido-initiativen.de\/index.php\/2021\/01\/13\/heilende-kraefte-3\/\">Die Suche von heilenden Kr\u00e4ften<\/a><\/h2>\n\n\t\t\t\t<div class=\"su-post-meta\">\n\t\t\t\t\tVer\u00f6ffentlicht: 13\/01\/2021\t\t\t\t<\/div>\n\n\t\t\t\t<div class=\"su-post-excerpt\">\n\t\t\t\t\t<p>1.&nbsp; Die Weisheit der Betroffenheit Die Richtung unserer Suche gab uns die Erfahrungen von traumatisierten Menschen vor. Betroffene, die sich ihrem Schicksal gestellt und dieses in ihr Leben integriert haben, verf\u00fcgen \u00fcber eine besondere Kompetenz f\u00fcr die Heilung (Expertentum der eigenen Betroffenheit). Diese gilt in vielen anderen Bereichen auch. So war es konsequent, betroffene Menschen [&hellip;]<\/p>\n\t\t\t\t<\/div>\n\n\t\t\t\t\n\t\t\t<\/div>\n\n\t\t\t\t\t\n\t\t\t\n\t\t\t<div id=\"su-post-4813\" class=\"su-post \">\n\n\t\t\t\t\n\t\t\t\t<h2 class=\"su-post-title\"><a href=\"https:\/\/confido-initiativen.de\/index.php\/2021\/01\/14\/fa\/\">Auf dem Weg zur Realisierung<\/a><\/h2>\n\n\t\t\t\t<div class=\"su-post-meta\">\n\t\t\t\t\tVer\u00f6ffentlicht: 14\/01\/2021\t\t\t\t<\/div>\n\n\t\t\t\t<div class=\"su-post-excerpt\">\n\t\t\t\t\t<p>Ziel unserer P\u00e4dagogik sind kompetente und m\u00fcndige Menschen, die Verantwortung f\u00fcr ihr Leben und das Leben der Gemeinschaft \u00fcbernehmen. Neben den S\u00e4ulen P\u00e4dagogik und Therapie, stehen f\u00fcr uns gleichrangig die Berufs- und Lebenspraxis. Zu unserer Verantwortung geh\u00f6rt, die Kinder auf das Leben vorzubereiten und ihnen das mitzugeben, was sie in der Zukunft ben\u00f6tigen. Verantwortung f\u00fcr [&hellip;]<\/p>\n\t\t\t\t<\/div>\n\n\t\t\t\t\n\t\t\t<\/div>\n\n\t\t\t\t\t\n\t\t\t\n\t\t\t<div id=\"su-post-6306\" class=\"su-post \">\n\n\t\t\t\t\n\t\t\t\t<h2 class=\"su-post-title\"><a href=\"https:\/\/confido-initiativen.de\/index.php\/2021\/02\/27\/natruholzmoebel\/\">Naturholzm\u00f6bel<\/a><\/h2>\n\n\t\t\t\t<div class=\"su-post-meta\">\n\t\t\t\t\tVer\u00f6ffentlicht: 27\/02\/2021\t\t\t\t<\/div>\n\n\t\t\t\t<div class=\"su-post-excerpt\">\n\t\t\t\t\t\t\t\t\t<\/div>\n\n\t\t\t\t\n\t\t\t<\/div>\n\n\t\t\t\t\t\n\t\t\t\n\t\t\t<div id=\"su-post-6311\" class=\"su-post \">\n\n\t\t\t\t\n\t\t\t\t<h2 class=\"su-post-title\"><a href=\"https:\/\/confido-initiativen.de\/index.php\/2021\/02\/27\/einrichtungsgegenstaende\/\">Einrichtungsgegenst\u00e4nde<\/a><\/h2>\n\n\t\t\t\t<div class=\"su-post-meta\">\n\t\t\t\t\tVer\u00f6ffentlicht: 27\/02\/2021\t\t\t\t<\/div>\n\n\t\t\t\t<div class=\"su-post-excerpt\">\n\t\t\t\t\t\t\t\t\t<\/div>\n\n\t\t\t\t\n\t\t\t<\/div>\n\n\t\t\t\t\t\n\t\t\t\n\t\t\t<div id=\"su-post-5791\" class=\"su-post \">\n\n\t\t\t\t\n\t\t\t\t<h2 class=\"su-post-title\"><a href=\"https:\/\/confido-initiativen.de\/index.php\/2021\/02\/17\/fasching-2021\/\">Fasching 2021<\/a><\/h2>\n\n\t\t\t\t<div class=\"su-post-meta\">\n\t\t\t\t\tVer\u00f6ffentlicht: 17\/02\/2021\t\t\t\t<\/div>\n\n\t\t\t\t<div class=\"su-post-excerpt\">\n\t\t\t\t\t<p>Der Virus hat das Faschingstreiben heuer leider sehr auf unser Haus eingeschr\u00e4nkt. Sich verkleiden, und f\u00fcr kurze Zeit in eine andere Rolle zu schl\u00fcpfen, hat f\u00fcr Kinder seinen ganz eigenen Zauber.<\/p>\n\t\t\t\t<\/div>\n\n\t\t\t\t\t\t\t\t\t<a href=\"https:\/\/confido-initiativen.de\/index.php\/2021\/02\/17\/fasching-2021\/#respond\" class=\"su-post-comments-link\">0 Kommentare<\/a>\n\t\t\t\t\n\t\t\t<\/div>\n\n\t\t\t\t\t\n\t\t\t\n\t\t\t<div id=\"su-post-5664\" class=\"su-post \">\n\n\t\t\t\t\n\t\t\t\t<h2 class=\"su-post-title\"><a href=\"https:\/\/confido-initiativen.de\/index.php\/2021\/01\/23\/ferienausflug-2020\/\">Ferienausflug 2020<\/a><\/h2>\n\n\t\t\t\t<div class=\"su-post-meta\">\n\t\t\t\t\tVer\u00f6ffentlicht: 23\/01\/2021\t\t\t\t<\/div>\n\n\t\t\t\t<div class=\"su-post-excerpt\">\n\t\t\t\t\t<p>&#8230; in den bayrischen Wald<\/p>\n\t\t\t\t<\/div>\n\n\t\t\t\t\n\t\t\t<\/div>\n\n\t\t\t\t\t\n\t\t\t\n\t\t\t<div id=\"su-post-4895\" class=\"su-post \">\n\n\t\t\t\t\n\t\t\t\t<h2 class=\"su-post-title\"><a href=\"https:\/\/confido-initiativen.de\/index.php\/2021\/01\/16\/schulen-2\/\">Schulen<\/a><\/h2>\n\n\t\t\t\t<div class=\"su-post-meta\">\n\t\t\t\t\tVer\u00f6ffentlicht: 16\/01\/2021\t\t\t\t<\/div>\n\n\t\t\t\t<div class=\"su-post-excerpt\">\n\t\t\t\t\t<p>Die Schule ist ein sehr wesentlicher Lern- und Lebensbereich f\u00fcr unsere Kinder und war in der Vergangenheit oft mit Problemen behaftet. Die Lebensenergie stand meist nicht f\u00fcr das Lernen schulischer Inhalte zu Verf\u00fcgung, sondern war in schwierigen Lebensumst\u00e4nden gebunden. Erschwerend wirken auch Probleme der Konzentration, im sozialen Verhalten und Verhaltensweisen, die fr\u00fcher f\u00fcr das \u00dcberleben [&hellip;]<\/p>\n\t\t\t\t<\/div>\n\n\t\t\t\t\n\t\t\t<\/div>\n\n\t\t\t\t\t\n\t\t\t\n\t\t\t<div id=\"su-post-4994\" class=\"su-post \">\n\n\t\t\t\t\n\t\t\t\t<h2 class=\"su-post-title\"><a href=\"https:\/\/confido-initiativen.de\/index.php\/2021\/01\/17\/weihnachten-2020\/\">Weihnachten 2020<\/a><\/h2>\n\n\t\t\t\t<div class=\"su-post-meta\">\n\t\t\t\t\tVer\u00f6ffentlicht: 17\/01\/2021\t\t\t\t<\/div>\n\n\t\t\t\t<div class=\"su-post-excerpt\">\n\t\t\t\t\t<p>Weihnachten ist f\u00fcr unsere Kinder, wie f\u00fcr jedes Kind, von den Geschenken bestimmt. Dann tritt der Christbaum f\u00fcr die Zeit des Auspackens in den Hintergrund. F\u00fcr uns Erwachsene ist die Freude in den Augen der Kindern jedes Jahr das sch\u00f6nste Weihnachtsgeschenk.<\/p>\n\t\t\t\t<\/div>\n\n\t\t\t\t\n\t\t\t<\/div>\n\n\t\t\t\t\t\n\t\t\t\n\t\t\t<div id=\"su-post-4852\" class=\"su-post \">\n\n\t\t\t\t\n\t\t\t\t<h2 class=\"su-post-title\"><a href=\"https:\/\/confido-initiativen.de\/index.php\/2021\/01\/16\/schulen\/\">\u00c4rzte Kliniken<\/a><\/h2>\n\n\t\t\t\t<div class=\"su-post-meta\">\n\t\t\t\t\tVer\u00f6ffentlicht: 16\/01\/2021\t\t\t\t<\/div>\n\n\t\t\t\t<div class=\"su-post-excerpt\">\n\t\t\t\t\t<p>Wir arbeiten eng mit den umliegenden \u00c4rzten und Kliniken zusammen, die unsere Kinder fachlich betreuen. Ein besonderer Partner ist f\u00fcr uns das SPZ in der Kinderklinik des Dritten Ordens in Passau. Dort werden alle unsere Kinder vorgestellt. Wir nutzen die vielf\u00e4ltigen M\u00f6glichkeiten des SPZ sowohl f\u00fcr die Diagnostik als auch f\u00fcr die Therapie.<\/p>\n\t\t\t\t<\/div>\n\n\t\t\t\t\n\t\t\t<\/div>\n\n\t\t\t\t\t\n\t\t\t\n\t\t\t<div id=\"su-post-4465\" class=\"su-post \">\n\n\t\t\t\t\n\t\t\t\t<h2 class=\"su-post-title\"><a href=\"https:\/\/confido-initiativen.de\/index.php\/2020\/05\/26\/unsere-ziegen\/\">Unsere Haustiere<\/a><\/h2>\n\n\t\t\t\t<div class=\"su-post-meta\">\n\t\t\t\t\tVer\u00f6ffentlicht: 26\/05\/2020\t\t\t\t<\/div>\n\n\t\t\t\t<div class=\"su-post-excerpt\">\n\t\t\t\t\t<p>Seit vielen Jahren begleiten uns unsere Ziegen. Sie sind ganz eigene Pers\u00f6nlichkeiten und haben ihren Willen. Z\u00e4une sind f\u00fcr sie Objekte, die eigenen F\u00e4higkeiten zu zeigen, wenn drau\u00dfen saftige neue Triebe locken.Auch Katzen geh\u00f6ren zu unserer &#8222;Familie&#8220;, wie auch die H\u00fchner, die uns mit frischen Eiern versorgen.<\/p>\n\t\t\t\t<\/div>\n\n\t\t\t\t\n\t\t\t<\/div>\n\n\t\t\t\t\t\n\t\t\t\n\t\t\t<div id=\"su-post-4487\" class=\"su-post \">\n\n\t\t\t\t\n\t\t\t\t<h2 class=\"su-post-title\"><a href=\"https:\/\/confido-initiativen.de\/index.php\/2020\/05\/26\/wuerm\/\">W\u00fcrm 1<\/a><\/h2>\n\n\t\t\t\t<div class=\"su-post-meta\">\n\t\t\t\t\tVer\u00f6ffentlicht: 26\/05\/2020\t\t\t\t<\/div>\n\n\t\t\t\t<div class=\"su-post-excerpt\">\n\t\t\t\t\t<p>Die W\u00fcrm liegt in einer leichte Tallage, die von bewaldeten H\u00fcgeln umgeben ist. Der W\u00fcrmbach flie\u00dft durch unsere Anwesen und speist den Weiher. Fr\u00fcher war die W\u00fcrm ein landwirtschaftliches Anwesen, das vom Vorbesitzer in einen Reiterhof umgebaut wurde.Die bauliche Gestaltung des Anwesens und die etwas abgelegene Lage bieten ideale Bedingungen f\u00fcr unsere Kinder. Der Vierseithof [&hellip;]<\/p>\n\t\t\t\t<\/div>\n\n\t\t\t\t\n\t\t\t<\/div>\n\n\t\t\t\t\t\n\t\t\t\n\t\t\t<div id=\"su-post-4485\" class=\"su-post \">\n\n\t\t\t\t\n\t\t\t\t<h2 class=\"su-post-title\"><a href=\"https:\/\/confido-initiativen.de\/index.php\/2020\/05\/26\/adlmoerting-6\/\">Adlm\u00f6rting 6<\/a><\/h2>\n\n\t\t\t\t<div class=\"su-post-meta\">\n\t\t\t\t\tVer\u00f6ffentlicht: 26\/05\/2020\t\t\t\t<\/div>\n\n\t\t\t\t<div class=\"su-post-excerpt\">\n\t\t\t\t\t\t\t\t\t<\/div>\n\n\t\t\t\t\n\t\t\t<\/div>\n\n\t\t\t\t\t\n\t\t\t\n\t\t\t<div id=\"su-post-4482\" class=\"su-post \">\n\n\t\t\t\t\n\t\t\t\t<h2 class=\"su-post-title\"><a href=\"https:\/\/confido-initiativen.de\/index.php\/2020\/05\/26\/adlmoerting-12\/\">Adlm\u00f6rting 12<\/a><\/h2>\n\n\t\t\t\t<div class=\"su-post-meta\">\n\t\t\t\t\tVer\u00f6ffentlicht: 26\/05\/2020\t\t\t\t<\/div>\n\n\t\t\t\t<div class=\"su-post-excerpt\">\n\t\t\t\t\t<p>Adlm\u00f6rting 12 war unser erstes Haus. Es ist ein ehemaliges landwirtschaftliches Anwesen, das wir im Laufe der Jahre saniert und f\u00fcr unsere Zwecke umgebaut haben. Unser &#8222;Hof&#8220; ist ein niederbayrischer Vierseithof, wie er f\u00fcr die Gegend typisch ist. Der Innenhof, der durch die vier Geb\u00e4ude entsteht, schafft eine burgartige Sicherheit und Geborgenheit. In die ehemalige [&hellip;]<\/p>\n\t\t\t\t<\/div>\n\n\t\t\t\t\n\t\t\t<\/div>\n\n\t\t\t\t\t\n\t\t\t\n\t\t\t<div id=\"su-post-4449\" class=\"su-post \">\n\n\t\t\t\t\n\t\t\t\t<h2 class=\"su-post-title\"><a href=\"https:\/\/confido-initiativen.de\/index.php\/2020\/05\/26\/unsere-kueken\/\">Unsere K\u00fcken<\/a><\/h2>\n\n\t\t\t\t<div class=\"su-post-meta\">\n\t\t\t\t\tVer\u00f6ffentlicht: 26\/05\/2020\t\t\t\t<\/div>\n\n\t\t\t\t<div class=\"su-post-excerpt\">\n\t\t\t\t\t<p>Ein besonderes Erlebnis war f\u00fcr unsere Kinder, dass sich in einem Ei ein K\u00fcken befinden kann. Unsere ersten K\u00fcken haben wir in der K\u00fcche in einem Brutschrank selbst ausgebr\u00fctet. Glucken sind auch Vorbilder f\u00fcr m\u00fctterliche F\u00fcrsorge.<\/p>\n\t\t\t\t<\/div>\n\n\t\t\t\t\n\t\t\t<\/div>\n\n\t\t\t\t\t\n\t\t\t\n\t\t\t<div id=\"su-post-4447\" class=\"su-post \">\n\n\t\t\t\t\n\t\t\t\t<h2 class=\"su-post-title\"><a href=\"https:\/\/confido-initiativen.de\/index.php\/2020\/05\/26\/unsere-huehner\/\">Unsere H\u00fchner<\/a><\/h2>\n\n\t\t\t\t<div class=\"su-post-meta\">\n\t\t\t\t\tVer\u00f6ffentlicht: 26\/05\/2020\t\t\t\t<\/div>\n\n\t\t\t\t<div class=\"su-post-excerpt\">\n\t\t\t\t\t<p>Unsere H\u00fchner sind keine Nutztiere, sondern Mitbewohner. Wir haben keine K\u00e4fighaltung, sondern sie bewegen sich frei auf dem Gel\u00e4nde. Zu einer kleinen H\u00fchnerfamilie geh\u00f6rt auch ein Hahn, der stolz auf seine Damen aufpasst.<\/p>\n\t\t\t\t<\/div>\n\n\t\t\t\t\n\t\t\t<\/div>\n\n\t\t\n\t\n<\/div>\n\n\n\n\n<p><\/p>\n","protected":false},"excerpt":{"rendered":"<p>Einblicke in unser Leben &#8230; ein paar Bilder aus unserem Alltag<\/p>\n","protected":false},"author":2,"featured_media":3731,"parent":0,"menu_order":10,"comment_status":"closed","ping_status":"closed","template":"","meta":{"_uag_custom_page_level_css":"","footnotes":""},"categories":[],"tags":[],"class_list":["post-3571","page","type-page","status-publish","has-post-thumbnail","hentry"],"uagb_featured_image_src":{"full":["https:\/\/confido-initiativen.de\/wp-content\/uploads\/2020\/05\/Bl\u00fcte1-scaled-e1588627823374.jpg",1200,899,false],"thumbnail":["https:\/\/confido-initiativen.de\/wp-content\/uploads\/2020\/05\/Bl\u00fcte1-150x150.jpg",150,150,true],"medium":["https:\/\/confido-initiativen.de\/wp-content\/uploads\/2020\/05\/Bl\u00fcte1-300x225.jpg",300,225,true],"medium_large":["https:\/\/confido-initiativen.de\/wp-content\/uploads\/2020\/05\/Bl\u00fcte1-768x575.jpg",768,575,true],"large":["https:\/\/confido-initiativen.de\/wp-content\/uploads\/2020\/05\/Bl\u00fcte1-1024x767.jpg",980,734,true],"1536x1536":["https:\/\/confido-initiativen.de\/wp-content\/uploads\/2020\/05\/Bl\u00fcte1-1536x1150.jpg",1536,1150,true],"2048x2048":["https:\/\/confido-initiativen.de\/wp-content\/uploads\/2020\/05\/Bl\u00fcte1-2048x1534.jpg",2048,1534,true],"shop_isle_blog_image_size":["https:\/\/confido-initiativen.de\/wp-content\/uploads\/2020\/05\/Bl\u00fcte1-750x500.jpg",750,500,true],"shop_isle_banner_homepage":["https:\/\/confido-initiativen.de\/wp-content\/uploads\/2020\/05\/Bl\u00fcte1-360x235.jpg",360,235,true],"shop_isle_category_thumbnail":["https:\/\/confido-initiativen.de\/wp-content\/uploads\/2020\/05\/Bl\u00fcte1-500x500.jpg",500,500,true],"shop_isle_cart_item_image_size":["https:\/\/confido-initiativen.de\/wp-content\/uploads\/2020\/05\/Bl\u00fcte1-58x72.jpg",58,72,true]},"uagb_author_info":{"display_name":"Peter Schopf","author_link":"https:\/\/confido-initiativen.de\/index.php\/author\/peter-schopf\/"},"uagb_comment_info":0,"uagb_excerpt":"Einblicke in unser Leben &#8230; ein paar Bilder aus unserem Alltag","_links":{"self":[{"href":"https:\/\/confido-initiativen.de\/index.php\/wp-json\/wp\/v2\/pages\/3571","targetHints":{"allow":["GET"]}}],"collection":[{"href":"https:\/\/confido-initiativen.de\/index.php\/wp-json\/wp\/v2\/pages"}],"about":[{"href":"https:\/\/confido-initiativen.de\/index.php\/wp-json\/wp\/v2\/types\/page"}],"author":[{"embeddable":true,"href":"https:\/\/confido-initiativen.de\/index.php\/wp-json\/wp\/v2\/users\/2"}],"replies":[{"embeddable":true,"href":"https:\/\/confido-initiativen.de\/index.php\/wp-json\/wp\/v2\/comments?post=3571"}],"version-history":[{"count":36,"href":"https:\/\/confido-initiativen.de\/index.php\/wp-json\/wp\/v2\/pages\/3571\/revisions"}],"predecessor-version":[{"id":6506,"href":"https:\/\/confido-initiativen.de\/index.php\/wp-json\/wp\/v2\/pages\/3571\/revisions\/6506"}],"wp:featuredmedia":[{"embeddable":true,"href":"https:\/\/confido-initiativen.de\/index.php\/wp-json\/wp\/v2\/media\/3731"}],"wp:attachment":[{"href":"https:\/\/confido-initiativen.de\/index.php\/wp-json\/wp\/v2\/media?parent=3571"}],"wp:term":[{"taxonomy":"category","embeddable":true,"href":"https:\/\/confido-initiativen.de\/index.php\/wp-json\/wp\/v2\/categories?post=3571"},{"taxonomy":"post_tag","embeddable":true,"href":"https:\/\/confido-initiativen.de\/index.php\/wp-json\/wp\/v2\/tags?post=3571"}],"curies":[{"name":"wp","href":"https:\/\/api.w.org\/{rel}","templated":true}]}}