{"id":4710,"date":"2021-01-14T08:30:29","date_gmt":"2021-01-14T08:30:29","guid":{"rendered":"https:\/\/confido-initiativen.de\/?page_id=4710"},"modified":"2026-02-04T17:57:30","modified_gmt":"2026-02-04T17:57:30","slug":"impressum","status":"publish","type":"page","link":"https:\/\/confido-initiativen.de\/index.php\/impressum\/","title":{"rendered":"Impressum"},"content":{"rendered":"<a href=\"javascript:history.back();\">Zur\u00fcck (vorhergehende Seite)<\/a>\n\n\n\n<div style=\"height:29px\" aria-hidden=\"true\" class=\"wp-block-spacer\"><\/div>\n\n\n\n<section class=\"wp-block-uagb-columns uagb-columns__wrap uagb-columns__background-color uagb-columns__stack-mobile uagb-columns__valign-top uagb-columns__gap-0 align uagb-block-b8cfd17a uagb-columns__columns-2 uagb-columns__max_width-theme AB\"><div class=\"uagb-columns__overlay\"><\/div><div class=\"uagb-columns__inner-wrap uagb-columns__columns-2\">\n<div class=\"wp-block-uagb-column uagb-column__wrap uagb-column__background-undefined uagb-block-eca34fcf\"><div class=\"uagb-column__overlay\"><\/div>\n<p class=\"has-text-align-left AB\"><strong>Confido-Initiativen gGmbH<\/strong><br>gemeinn\u00fctzige GmbH<br>Handelsregister HRB 6887<br>St.Nr. 153\/147\/00403   UmSt.Nr. DE219210721<\/p>\n<\/div>\n\n\n\n<div class=\"wp-block-uagb-column uagb-column__wrap uagb-column__background-undefined uagb-block-64f3af4d\"><div class=\"uagb-column__overlay\"><\/div>\n<p>08532 \/ 927800<br><a href=\"mailto:confido@confido-initiativen.de\">confido@confido-initiativen.de<\/a><\/p>\n<\/div>\n<\/div><\/section>\n\n\n\n<section class=\"wp-block-uagb-columns uagb-columns__wrap uagb-columns__background-color uagb-columns__stack-mobile uagb-columns__valign- uagb-columns__gap-0 align uagb-block-18b740f2 uagb-columns__columns-2 uagb-columns__max_width-theme AB\"><div class=\"uagb-columns__overlay\"><\/div><div class=\"uagb-columns__inner-wrap uagb-columns__columns-2\">\n<div class=\"wp-block-uagb-column uagb-column__wrap uagb-column__background-undefined uagb-block-42ed7adc\"><div class=\"uagb-column__overlay\"><\/div>\n<p><strong>Gesch\u00e4ftsf\u00fchrung und Leitung<\/strong><br>Doris Haupt-Schopf<br>Anita Stockinger<br><br><\/p>\n<\/div>\n\n\n\n<div class=\"wp-block-uagb-column uagb-column__wrap uagb-column__background-undefined uagb-block-5c664cf2\"><div class=\"uagb-column__overlay\"><\/div>\n<p>Adlm\u00f6rting 12<br>94086 Bad Griesbach<\/p>\n\n\n\n<p>08532 \/ 927800<br><\/p>\n<\/div>\n<\/div><\/section>\n\n\n\n<section class=\"wp-block-uagb-columns uagb-columns__wrap uagb-columns__background-color uagb-columns__stack-mobile uagb-columns__valign- uagb-columns__gap-0 align uagb-block-cd0307c5 uagb-columns__columns-2 uagb-columns__max_width-theme AB\"><div class=\"uagb-columns__overlay\"><\/div><div class=\"uagb-columns__inner-wrap uagb-columns__columns-2\">\n<div class=\"wp-block-uagb-column uagb-column__wrap uagb-column__background-undefined uagb-block-20e9a178\"><div class=\"uagb-column__overlay\"><\/div>\n<p><strong>Erziehungsleitung<\/strong><br>Doris Haupt -Schopf<br>94086 Bad Griesbach<\/p>\n<\/div>\n\n\n\n<div class=\"wp-block-uagb-column uagb-column__wrap uagb-column__background-undefined uagb-block-33f03981\"><div class=\"uagb-column__overlay\"><\/div>\n<p><br><a href=\"mailto:doris.haupt-schopf@confido-initiativen.de\">doris.haupt-schopf@confido-initiativen.de<\/a><\/p>\n<\/div>\n<\/div><\/section>\n\n\n\n<section class=\"wp-block-uagb-columns uagb-columns__wrap uagb-columns__background-color uagb-columns__stack-mobile uagb-columns__valign- uagb-columns__gap-0 align uagb-block-283a6248 uagb-columns__columns-2 uagb-columns__max_width-theme AB\"><div class=\"uagb-columns__overlay\"><\/div><div class=\"uagb-columns__inner-wrap uagb-columns__columns-2\">\n<div class=\"wp-block-uagb-column uagb-column__wrap uagb-column__background-undefined uagb-block-cb5be190\"><div class=\"uagb-column__overlay\"><\/div>\n<p><strong>Verwaltungsleitung \/ Buchhaltung<\/strong><\/p>\n\n\n\n<p>Flora Bello<\/p>\n\n\n\n<p><\/p>\n<\/div>\n\n\n\n<div class=\"wp-block-uagb-column uagb-column__wrap uagb-column__background-undefined uagb-block-dd70a7fa\"><div class=\"uagb-column__overlay\"><\/div>\n<p><a href=\"mailto:flora.bello@confido-initiativen.de\">flora.bello@confido-initiativen.de<\/a><\/p>\n\n\n\n<p><a href=\"mailto:buchhaltung@confido-initiativen.de\">buchhaltung@confido-initiativen.de<\/a><\/p>\n<\/div>\n<\/div><\/section>\n\n\n\n<section class=\"wp-block-uagb-columns uagb-columns__wrap uagb-columns__background-color uagb-columns__stack-mobile uagb-columns__valign- uagb-columns__gap-0 align uagb-block-b3ad1bc4 uagb-columns__columns-2 uagb-columns__max_width-theme AB\"><div class=\"uagb-columns__overlay\"><\/div><div class=\"uagb-columns__inner-wrap uagb-columns__columns-2\">\n<div class=\"wp-block-uagb-column uagb-column__wrap uagb-column__background-undefined uagb-block-d2152ddf\"><div class=\"uagb-column__overlay\"><\/div>\n<p><strong>K\u00fcche und Hauswirtschaft<\/strong><\/p>\n\n\n\n<p>Christian Sonnleitner (K\u00fcche)<\/p>\n<\/div>\n\n\n\n<div class=\"wp-block-uagb-column uagb-column__wrap uagb-column__background-undefined uagb-block-2ff1955a\"><div class=\"uagb-column__overlay\"><\/div>\n<p>08532 \/ 9278050<br><a href=\"mailto:christian.sonnleitner@confido-initiativen.de\">christian.sonnleitner@confido-initiativen.de<\/a><\/p>\n<\/div>\n<\/div><\/section>\n\n\n\n<section class=\"wp-block-uagb-columns uagb-columns__wrap uagb-columns__background-color uagb-columns__stack-mobile uagb-columns__valign- uagb-columns__gap-0 align uagb-block-98a132e4 uagb-columns__columns-2 uagb-columns__max_width-theme AB\"><div class=\"uagb-columns__overlay\"><\/div><div class=\"uagb-columns__inner-wrap uagb-columns__columns-2\">\n<div class=\"wp-block-uagb-column uagb-column__wrap uagb-column__background-undefined uagb-block-7cac500c\"><div class=\"uagb-column__overlay\"><\/div>\n<p><strong>Landwirtschaft \/ Con\u00d6ko<\/strong><\/p>\n\n\n\n<p>Andreas Steinhuber<\/p>\n<\/div>\n\n\n\n<div class=\"wp-block-uagb-column uagb-column__wrap uagb-column__background-undefined uagb-block-41d2a648\"><div class=\"uagb-column__overlay\"><\/div>\n<p><a href=\"mailto:andreas.steinhuber@confido-initiativen.de\">andreas.steinhuber@confido-initiativen.de<\/a><\/p>\n\n\n\n<p><\/p>\n<\/div>\n<\/div><\/section>\n\n\n\n<section class=\"wp-block-uagb-columns uagb-columns__wrap uagb-columns__background-color uagb-columns__stack-mobile uagb-columns__valign- uagb-columns__gap-0 align uagb-block-567ad846 uagb-columns__columns-2 uagb-columns__max_width-theme AB\"><div class=\"uagb-columns__overlay\"><\/div><div class=\"uagb-columns__inner-wrap uagb-columns__columns-2\">\n<div class=\"wp-block-uagb-column uagb-column__wrap uagb-column__background-undefined uagb-block-8c754276\"><div class=\"uagb-column__overlay\"><\/div>\n<p><strong>Haustechnik<\/strong><br>Thomas Ziegler<\/p>\n<\/div>\n\n\n\n<div class=\"wp-block-uagb-column uagb-column__wrap uagb-column__background-undefined uagb-block-79814a9b\"><div class=\"uagb-column__overlay\"><\/div>\n<p><a href=\"mailto:thomas.ziegler@confido-initiativen.de\">thomas.ziegler@confido-initiativen.de<\/a><\/p>\n<\/div>\n<\/div><\/section>\n\n\n\n<section class=\"wp-block-uagb-columns uagb-columns__wrap uagb-columns__background-color uagb-columns__stack-mobile uagb-columns__valign- uagb-columns__gap-0 align uagb-block-2b5e4d18 uagb-columns__columns-2 uagb-columns__max_width-theme AB\"><div class=\"uagb-columns__overlay\"><\/div><div class=\"uagb-columns__inner-wrap uagb-columns__columns-2\">\n<div class=\"wp-block-uagb-column uagb-column__wrap uagb-column__background-undefined uagb-block-adf1b166\"><div class=\"uagb-column__overlay\"><\/div>\n<p><strong>Spenden &amp; F\u00f6rderungen Confido Stiftung<\/strong><br>Siglinde Eder-Baier<\/p>\n<\/div>\n\n\n\n<div class=\"wp-block-uagb-column uagb-column__wrap uagb-column__background-undefined uagb-block-34c9939a\"><div class=\"uagb-column__overlay\"><\/div>\n<p><a href=\"mailto:siglinde.eder-baier@confido-stiftung.de\">siglinde.eder-baier@confido-stiftung.de<\/a><\/p>\n<\/div>\n<\/div><\/section>\n\n\n\n<p><\/p>\n","protected":false},"excerpt":{"rendered":"<p>Confido-Initiativen gGmbHgemeinn\u00fctzige GmbHHandelsregister HRB 6887St.Nr. 153\/147\/00403 UmSt.Nr. DE219210721 08532 \/ 927800confido@confido-initiativen.de Gesch\u00e4ftsf\u00fchrung und LeitungDoris Haupt-SchopfAnita Stockinger Adlm\u00f6rting 1294086 Bad Griesbach 08532 \/ 927800 ErziehungsleitungDoris Haupt -Schopf94086 Bad Griesbach doris.haupt-schopf@confido-initiativen.de Verwaltungsleitung \/ Buchhaltung Flora Bello flora.bello@confido-initiativen.de buchhaltung@confido-initiativen.de K\u00fcche und Hauswirtschaft Christian Sonnleitner (K\u00fcche) 08532 \/ 9278050christian.sonnleitner@confido-initiativen.de Landwirtschaft \/ Con\u00d6ko Andreas Steinhuber andreas.steinhuber@confido-initiativen.de HaustechnikThomas Ziegler thomas.ziegler@confido-initiativen.de Spenden [&hellip;]<\/p>\n","protected":false},"author":3,"featured_media":0,"parent":0,"menu_order":5,"comment_status":"closed","ping_status":"closed","template":"","meta":{"_uag_custom_page_level_css":"","footnotes":""},"categories":[],"tags":[],"class_list":["post-4710","page","type-page","status-publish","hentry"],"uagb_featured_image_src":{"full":false,"thumbnail":false,"medium":false,"medium_large":false,"large":false,"1536x1536":false,"2048x2048":false,"shop_isle_blog_image_size":false,"shop_isle_banner_homepage":false,"shop_isle_category_thumbnail":false,"shop_isle_cart_item_image_size":false},"uagb_author_info":{"display_name":"Peter Schopf","author_link":"https:\/\/confido-initiativen.de\/index.php\/author\/peter\/"},"uagb_comment_info":0,"uagb_excerpt":"Confido-Initiativen gGmbHgemeinn\u00fctzige GmbHHandelsregister HRB 6887St.Nr. 153\/147\/00403 UmSt.Nr. DE219210721 08532 \/ 927800confido@confido-initiativen.de Gesch\u00e4ftsf\u00fchrung und LeitungDoris Haupt-SchopfAnita Stockinger Adlm\u00f6rting 1294086 Bad Griesbach 08532 \/ 927800 ErziehungsleitungDoris Haupt -Schopf94086 Bad Griesbach doris.haupt-schopf@confido-initiativen.de Verwaltungsleitung \/ Buchhaltung Flora Bello flora.bello@confido-initiativen.de buchhaltung@confido-initiativen.de K\u00fcche und Hauswirtschaft Christian Sonnleitner (K\u00fcche) 08532 \/ 9278050christian.sonnleitner@confido-initiativen.de Landwirtschaft \/ Con\u00d6ko Andreas Steinhuber andreas.steinhuber@confido-initiativen.de HaustechnikThomas Ziegler thomas.ziegler@confido-initiativen.de Spenden&hellip;","_links":{"self":[{"href":"https:\/\/confido-initiativen.de\/index.php\/wp-json\/wp\/v2\/pages\/4710","targetHints":{"allow":["GET"]}}],"collection":[{"href":"https:\/\/confido-initiativen.de\/index.php\/wp-json\/wp\/v2\/pages"}],"about":[{"href":"https:\/\/confido-initiativen.de\/index.php\/wp-json\/wp\/v2\/types\/page"}],"author":[{"embeddable":true,"href":"https:\/\/confido-initiativen.de\/index.php\/wp-json\/wp\/v2\/users\/3"}],"replies":[{"embeddable":true,"href":"https:\/\/confido-initiativen.de\/index.php\/wp-json\/wp\/v2\/comments?post=4710"}],"version-history":[{"count":76,"href":"https:\/\/confido-initiativen.de\/index.php\/wp-json\/wp\/v2\/pages\/4710\/revisions"}],"predecessor-version":[{"id":6746,"href":"https:\/\/confido-initiativen.de\/index.php\/wp-json\/wp\/v2\/pages\/4710\/revisions\/6746"}],"wp:attachment":[{"href":"https:\/\/confido-initiativen.de\/index.php\/wp-json\/wp\/v2\/media?parent=4710"}],"wp:term":[{"taxonomy":"category","embeddable":true,"href":"https:\/\/confido-initiativen.de\/index.php\/wp-json\/wp\/v2\/categories?post=4710"},{"taxonomy":"post_tag","embeddable":true,"href":"https:\/\/confido-initiativen.de\/index.php\/wp-json\/wp\/v2\/tags?post=4710"}],"curies":[{"name":"wp","href":"https:\/\/api.w.org\/{rel}","templated":true}]}}