{"id":4721,"date":"2021-01-14T08:41:13","date_gmt":"2021-01-14T08:41:13","guid":{"rendered":"https:\/\/confido-initiativen.de\/?page_id=4721"},"modified":"2021-03-05T12:53:50","modified_gmt":"2021-03-05T12:53:50","slug":"anmedlung-aufnahme","status":"publish","type":"page","link":"https:\/\/confido-initiativen.de\/index.php\/anmedlung-aufnahme\/","title":{"rendered":"Anmeldung \/ Aufnahme"},"content":{"rendered":"<a href=\"javascript:history.back();\">Zur\u00fcck (vorhergehende Seite)<\/a>\n\n\n\n<div style=\"height:34px\" aria-hidden=\"true\" class=\"wp-block-spacer\"><\/div>\n\n\n\n<p><strong>Aufnahme<\/strong><\/p>\n\n\n\n<p>\u00dcber die M\u00f6glichkeit, ein Kind aufzunehmen, k\u00f6nnen Sie sich jederzeit telefonisch oder per Mail an uns wenden. Wir bem\u00fchen uns, ihnen sofort, oder nach kurzer R\u00fccksprache, unsere aktuelle Situation mitzuteilen. Soweit es m\u00f6glich ist, wollen wir die Bed\u00fcrfnisse des Kindes in den Vordergrund stellen.<br><br>Da wir uns nicht als Heim, sondern als Familie verstehen, bitten wir um Verst\u00e4ndnis, dass ein neues Kind bez\u00fcglich seines Alters und Geschlechtes in die &#8222;famili\u00e4re Dynamik&#8220; ders jeweiligen Hauses passt, in dem ein Platz frei ist.<\/p>\n\n\n\n<p>Sollte eine Aufnahme m\u00f6glich sein, sollten Sie und die Bezugspersonen des Kindes, uns besuchen, um die Lebensbedingungen unmittelbar kennen zu lernen. Der Kontakt zu unseren anderen Kindern ist uns dabei sehr wichtig. Ziel sollte sein, dass das Kind sich selbst f\u00fcr uns entscheidet und auch die Bezugspersonen innerlich mit gutem Gewissen zustimmen k\u00f6nnen.<\/p>\n\n\n\n<p>Da wir im Regelfall Kinder aufnehmen, die in anderen Hilfesystemen nicht mehr ausreichend gef\u00f6rdert werden konnten, bleiben die Kinder meist langfristig bei uns. Daher hat die bewusste Entscheidung f\u00fcr unsere Lebenskultur aller Beteiligten eine gro\u00dfe Bedeutung. Diese &#8222;Entscheidungsarbeit&#8220; muss im Aufnahmeverfahren geleistet werden, um eine tragf\u00e4hige Basis auch f\u00fcr zuk\u00fcnftige Konflikte sicher zu stellen.<\/p>\n\n\n\n<p>In Einzelfall kann es erforderlich sein, die Aufnahme mit der Schule abzustimmen, besonders wenn eine besondere Form der Beschulung erforderlich ist.<\/p>\n\n\n\n<p>Unsere Entscheidung machen wir weniger von der Vorgeschichte und den Vorinformation abh\u00e4ngig, sondern davon, wie wir das Kind selbst erleben und wie es sich selbst f\u00fcr uns entscheidet.<\/p>\n\n\n\n<p>Wir nehmen Kinder jeden Altes auf. <\/p>\n","protected":false},"excerpt":{"rendered":"<p>Aufnahme \u00dcber die M\u00f6glichkeit, ein Kind aufzunehmen, k\u00f6nnen Sie sich jederzeit telefonisch oder per Mail an uns wenden. Wir bem\u00fchen uns, ihnen sofort, oder nach kurzer R\u00fccksprache, unsere aktuelle Situation mitzuteilen. Soweit es m\u00f6glich ist, wollen wir die Bed\u00fcrfnisse des Kindes in den Vordergrund stellen. Da wir uns nicht als Heim, sondern als Familie verstehen, [&hellip;]<\/p>\n","protected":false},"author":3,"featured_media":0,"parent":0,"menu_order":2,"comment_status":"closed","ping_status":"closed","template":"","meta":{"_uag_custom_page_level_css":"","footnotes":""},"categories":[],"tags":[],"class_list":["post-4721","page","type-page","status-publish","hentry"],"uagb_featured_image_src":{"full":false,"thumbnail":false,"medium":false,"medium_large":false,"large":false,"1536x1536":false,"2048x2048":false,"shop_isle_blog_image_size":false,"shop_isle_banner_homepage":false,"shop_isle_category_thumbnail":false,"shop_isle_cart_item_image_size":false},"uagb_author_info":{"display_name":"Peter Schopf","author_link":"https:\/\/confido-initiativen.de\/index.php\/author\/peter\/"},"uagb_comment_info":0,"uagb_excerpt":"Aufnahme \u00dcber die M\u00f6glichkeit, ein Kind aufzunehmen, k\u00f6nnen Sie sich jederzeit telefonisch oder per Mail an uns wenden. Wir bem\u00fchen uns, ihnen sofort, oder nach kurzer R\u00fccksprache, unsere aktuelle Situation mitzuteilen. Soweit es m\u00f6glich ist, wollen wir die Bed\u00fcrfnisse des Kindes in den Vordergrund stellen. Da wir uns nicht als Heim, sondern als Familie verstehen,&hellip;","_links":{"self":[{"href":"https:\/\/confido-initiativen.de\/index.php\/wp-json\/wp\/v2\/pages\/4721","targetHints":{"allow":["GET"]}}],"collection":[{"href":"https:\/\/confido-initiativen.de\/index.php\/wp-json\/wp\/v2\/pages"}],"about":[{"href":"https:\/\/confido-initiativen.de\/index.php\/wp-json\/wp\/v2\/types\/page"}],"author":[{"embeddable":true,"href":"https:\/\/confido-initiativen.de\/index.php\/wp-json\/wp\/v2\/users\/3"}],"replies":[{"embeddable":true,"href":"https:\/\/confido-initiativen.de\/index.php\/wp-json\/wp\/v2\/comments?post=4721"}],"version-history":[{"count":5,"href":"https:\/\/confido-initiativen.de\/index.php\/wp-json\/wp\/v2\/pages\/4721\/revisions"}],"predecessor-version":[{"id":6485,"href":"https:\/\/confido-initiativen.de\/index.php\/wp-json\/wp\/v2\/pages\/4721\/revisions\/6485"}],"wp:attachment":[{"href":"https:\/\/confido-initiativen.de\/index.php\/wp-json\/wp\/v2\/media?parent=4721"}],"wp:term":[{"taxonomy":"category","embeddable":true,"href":"https:\/\/confido-initiativen.de\/index.php\/wp-json\/wp\/v2\/categories?post=4721"},{"taxonomy":"post_tag","embeddable":true,"href":"https:\/\/confido-initiativen.de\/index.php\/wp-json\/wp\/v2\/tags?post=4721"}],"curies":[{"name":"wp","href":"https:\/\/api.w.org\/{rel}","templated":true}]}}